{"id":980,"date":"2021-08-01T16:33:01","date_gmt":"2021-08-01T15:33:01","guid":{"rendered":"https:\/\/coyotelandmedia.com\/?page_id=980"},"modified":"2024-02-03T17:47:31","modified_gmt":"2024-02-03T17:47:31","slug":"tv","status":"publish","type":"page","link":"https:\/\/coyotelandmedia.com\/en\/tv\/","title":{"rendered":"TV"},"content":{"rendered":"<div data-elementor-type=\"wp-page\" data-elementor-id=\"980\" class=\"elementor elementor-980\" data-elementor-post-type=\"page\">\n\t\t\t\t\t\t<section class=\"elementor-section elementor-top-section elementor-element elementor-element-8543b84 elementor-section-boxed elementor-section-height-default elementor-section-height-default\" data-id=\"8543b84\" data-element_type=\"section\">\n\t\t\t\t\t\t<div class=\"elementor-container elementor-column-gap-default\">\n\t\t\t\t\t<div class=\"elementor-column elementor-col-33 elementor-top-column elementor-element elementor-element-693a8ee elementor-hidden-phone\" data-id=\"693a8ee\" data-element_type=\"column\">\n\t\t\t<div class=\"elementor-widget-wrap elementor-element-populated\">\n\t\t\t\t\t\t<div class=\"elementor-element elementor-element-aaa2dee elementor-widget elementor-widget-image\" data-id=\"aaa2dee\" data-element_type=\"widget\" data-widget_type=\"image.default\">\n\t\t\t\t<div class=\"elementor-widget-container\">\n\t\t\t<style>\/*! elementor - v3.21.0 - 26-05-2024 *\/\n.elementor-widget-image{text-align:center}.elementor-widget-image a{display:inline-block}.elementor-widget-image a img[src$=\".svg\"]{width:48px}.elementor-widget-image img{vertical-align:middle;display:inline-block}<\/style>\t\t\t\t\t\t\t\t\t\t<img fetchpriority=\"high\" decoding=\"async\" width=\"400\" height=\"416\" src=\"https:\/\/coyotelandmedia.com\/wp-content\/uploads\/2024\/02\/CoyotelandMedia_LOGO_AZUL_BRANCO_md.webp\" class=\"attachment-large size-large wp-image-2557\" alt=\"\" srcset=\"https:\/\/coyotelandmedia.com\/wp-content\/uploads\/2024\/02\/CoyotelandMedia_LOGO_AZUL_BRANCO_md.webp 400w, https:\/\/coyotelandmedia.com\/wp-content\/uploads\/2024\/02\/CoyotelandMedia_LOGO_AZUL_BRANCO_md-288x300.webp 288w, https:\/\/coyotelandmedia.com\/wp-content\/uploads\/2024\/02\/CoyotelandMedia_LOGO_AZUL_BRANCO_md-12x12.webp 12w\" sizes=\"(max-width: 400px) 100vw, 400px\" \/>\t\t\t\t\t\t\t\t\t\t\t\t\t<\/div>\n\t\t\t\t<\/div>\n\t\t\t\t\t<\/div>\n\t\t<\/div>\n\t\t\t\t<div class=\"elementor-column elementor-col-66 elementor-top-column elementor-element elementor-element-b79ec2b\" data-id=\"b79ec2b\" data-element_type=\"column\">\n\t\t\t<div class=\"elementor-widget-wrap elementor-element-populated\">\n\t\t\t\t\t\t<div class=\"elementor-element elementor-element-1d0eece elementor-widget elementor-widget-heading\" data-id=\"1d0eece\" data-element_type=\"widget\" data-widget_type=\"heading.default\">\n\t\t\t\t<div class=\"elementor-widget-container\">\n\t\t\t<style>\/*! elementor - v3.21.0 - 26-05-2024 *\/\n.elementor-heading-title{padding:0;margin:0;line-height:1}.elementor-widget-heading .elementor-heading-title[class*=elementor-size-]>a{color:inherit;font-size:inherit;line-height:inherit}.elementor-widget-heading .elementor-heading-title.elementor-size-small{font-size:15px}.elementor-widget-heading .elementor-heading-title.elementor-size-medium{font-size:19px}.elementor-widget-heading .elementor-heading-title.elementor-size-large{font-size:29px}.elementor-widget-heading .elementor-heading-title.elementor-size-xl{font-size:39px}.elementor-widget-heading .elementor-heading-title.elementor-size-xxl{font-size:59px}<\/style><h4 class=\"elementor-heading-title elementor-size-default\">TV SERVICES<\/h4>\t\t<\/div>\n\t\t\t\t<\/div>\n\t\t\t\t<div class=\"elementor-element elementor-element-48bd749 elementor-widget elementor-widget-text-editor\" data-id=\"48bd749\" data-element_type=\"widget\" data-widget_type=\"text-editor.default\">\n\t\t\t\t<div class=\"elementor-widget-container\">\n\t\t\t<style>\/*! elementor - v3.21.0 - 26-05-2024 *\/\n.elementor-widget-text-editor.elementor-drop-cap-view-stacked .elementor-drop-cap{background-color:#69727d;color:#fff}.elementor-widget-text-editor.elementor-drop-cap-view-framed .elementor-drop-cap{color:#69727d;border:3px solid;background-color:transparent}.elementor-widget-text-editor:not(.elementor-drop-cap-view-default) .elementor-drop-cap{margin-top:8px}.elementor-widget-text-editor:not(.elementor-drop-cap-view-default) .elementor-drop-cap-letter{width:1em;height:1em}.elementor-widget-text-editor .elementor-drop-cap{float:left;text-align:center;line-height:1;font-size:50px}.elementor-widget-text-editor .elementor-drop-cap-letter{display:inline-block}<\/style>\t\t\t\t<p>The finest postproduction, resourcefulness and leading edge technology.\nPost production service - from full HD and 4K finishing to HDR editing - to the broadcast, film, commercial, corporate and digital markets.<\/p><p><span style=\"text-decoration: underline;\"><strong> Post production services:<\/strong><\/span><\/p><ul><li>Full HD;<\/li><li>4K finish<\/li><li>Editing in HDR<\/li><\/ul>\t\t\t\t\t\t<\/div>\n\t\t\t\t<\/div>\n\t\t\t\t<div class=\"elementor-element elementor-element-71ffaa1 elementor-widget elementor-widget-text-editor\" data-id=\"71ffaa1\" data-element_type=\"widget\" data-widget_type=\"text-editor.default\">\n\t\t\t\t<div class=\"elementor-widget-container\">\n\t\t\t\t\t\t\t<p><span style=\"text-decoration: underline;\"><strong>In the areas of: <\/strong><\/span><\/p><ul><li>Streaming;<\/li><li>Commercialization;<\/li><li>Corporate; Digital;<\/li><\/ul>\t\t\t\t\t\t<\/div>\n\t\t\t\t<\/div>\n\t\t\t\t<div class=\"elementor-element elementor-element-57da51c elementor-widget elementor-widget-text-editor\" data-id=\"57da51c\" data-element_type=\"widget\" data-widget_type=\"text-editor.default\">\n\t\t\t\t<div class=\"elementor-widget-container\">\n\t\t\t\t\t\t\t<p><span style=\"text-decoration: underline;\"><strong>Full Picture Post Service<\/strong><\/span><\/p><ul><li>Dailies, editing, grading, niching, deliverables, DCDM, DCP<\/li><li>Picture post at HD, 2K, 4K<\/li><li>Over 300 suites worldwide offering Avid, DaVinci, Flame, FCP, and Smoke, including 220 cloud editing suites<\/li><\/ul><p><span style=\"text-decoration: underline;\"><strong>Visual Effects (VFX)<\/strong><\/span><\/p><p>Recording and production, editing, ADR, Foley, mixing, deliverables and quality control.<\/p><ul><li>Mixing in stereo and 5\/1 for broadcast and cinema<\/li><li>Editorial rooms and TV mixing rooms; Dolby-approved feature mixing stages<\/li><li>Mixing levels with Dolby function approved<\/li><\/ul><p><span style=\"text-decoration: underline;\"><strong>Graphic Design And Animation<\/strong><\/span><\/p><ul><li>Full production VFX and CGI service<\/li><li>3D Max and Adobe CC<\/li><li>A 120 node render farm\u00a0<\/li><\/ul>\t\t\t\t\t\t<\/div>\n\t\t\t\t<\/div>\n\t\t\t\t\t<\/div>\n\t\t<\/div>\n\t\t\t\t\t<\/div>\n\t\t<\/section>\n\t\t\t\t<section class=\"elementor-section elementor-top-section elementor-element elementor-element-00578f1 elementor-section-boxed elementor-section-height-default elementor-section-height-default\" data-id=\"00578f1\" data-element_type=\"section\">\n\t\t\t\t\t\t<div class=\"elementor-container elementor-column-gap-default\">\n\t\t\t\t\t<div class=\"elementor-column elementor-col-100 elementor-top-column elementor-element elementor-element-7826b4e\" data-id=\"7826b4e\" data-element_type=\"column\">\n\t\t\t<div class=\"elementor-widget-wrap elementor-element-populated\">\n\t\t\t\t\t\t<div class=\"elementor-element elementor-element-8a6ee1e elementor-widget elementor-widget-html\" data-id=\"8a6ee1e\" data-element_type=\"widget\" data-widget_type=\"html.default\">\n\t\t\t\t<div class=\"elementor-widget-container\">\n\t\t\t<script>\n\nvar d1 = document.getElementById('ashade-header');\n\nvar video = \"<div class='ashade-home-background ashade-page-background is-video bg-video--cover' data-opacity='0.55' style='opacity: 0.55; transform: translate(0px, 0px);'><video src='https:\/\/coyotelandmedia.com\/wp-content\/uploads\/2021\/10\/COYOTELAND_INSTITUCIONAL_SERVICOS.mp4' poster='https:\/\/coyote.andreda.net\/wp-content\/uploads\/2021\/07\/coyoteland.jpg' webkit-playsinline='true' playsinline='true' muted autoplay loop><\/video><\/div>\";\n\nd1.insertAdjacentHTML('afterend', video);\n<\/script>\t\t<\/div>\n\t\t\t\t<\/div>\n\t\t\t\t\t<\/div>\n\t\t<\/div>\n\t\t\t\t\t<\/div>\n\t\t<\/section>\n\t\t\t\t<\/div>","protected":false},"excerpt":{"rendered":"<p>SERVI\u00c7OS DE TV Tecnologia avan\u00e7ada, compet\u00eancia e p\u00f3s produ\u00e7\u00e3o de excel\u00eancia. Servi\u00e7os de p\u00f3s produ\u00e7\u00e3o: Full HD; Acabamento 4K Edi\u00e7\u00e3o em HDR Nas \u00e1reas de: Transmiss\u00e3o; Comercializa\u00e7\u00e3o; Corporativa; Digital; Servi\u00e7o de Picture Post Total Di\u00e1rios, edi\u00e7\u00f5es, classifica\u00e7\u00e3o, niching, deliverables, DCDM, DCP Picture Post em HD, 2K, 4K Mais de 300 suites em todo o Mundo&#8230;<\/p>","protected":false},"author":2,"featured_media":0,"parent":0,"menu_order":0,"comment_status":"closed","ping_status":"closed","template":"","meta":{"_monsterinsights_skip_tracking":false,"_monsterinsights_sitenote_active":false,"_monsterinsights_sitenote_note":"","_monsterinsights_sitenote_category":0,"footnotes":""},"class_list":["post-980","page","type-page","status-publish","hentry"],"aioseo_notices":[],"_links":{"self":[{"href":"https:\/\/coyotelandmedia.com\/en\/wp-json\/wp\/v2\/pages\/980","targetHints":{"allow":["GET"]}}],"collection":[{"href":"https:\/\/coyotelandmedia.com\/en\/wp-json\/wp\/v2\/pages"}],"about":[{"href":"https:\/\/coyotelandmedia.com\/en\/wp-json\/wp\/v2\/types\/page"}],"author":[{"embeddable":true,"href":"https:\/\/coyotelandmedia.com\/en\/wp-json\/wp\/v2\/users\/2"}],"replies":[{"embeddable":true,"href":"https:\/\/coyotelandmedia.com\/en\/wp-json\/wp\/v2\/comments?post=980"}],"version-history":[{"count":30,"href":"https:\/\/coyotelandmedia.com\/en\/wp-json\/wp\/v2\/pages\/980\/revisions"}],"predecessor-version":[{"id":2579,"href":"https:\/\/coyotelandmedia.com\/en\/wp-json\/wp\/v2\/pages\/980\/revisions\/2579"}],"wp:attachment":[{"href":"https:\/\/coyotelandmedia.com\/en\/wp-json\/wp\/v2\/media?parent=980"}],"curies":[{"name":"wp","href":"https:\/\/api.w.org\/{rel}","templated":true}]}}