{"id":975,"date":"2021-08-01T16:24:10","date_gmt":"2021-08-01T15:24:10","guid":{"rendered":"https:\/\/coyotelandmedia.com\/?page_id=975"},"modified":"2024-02-03T17:45:22","modified_gmt":"2024-02-03T17:45:22","slug":"publicidade","status":"publish","type":"page","link":"https:\/\/coyotelandmedia.com\/en\/publicidade\/","title":{"rendered":"Advertising"},"content":{"rendered":"<div data-elementor-type=\"wp-page\" data-elementor-id=\"975\" class=\"elementor elementor-975\" data-elementor-post-type=\"page\">\n\t\t\t\t\t\t<section class=\"elementor-section elementor-top-section elementor-element elementor-element-8543b84 elementor-section-boxed elementor-section-height-default elementor-section-height-default\" data-id=\"8543b84\" data-element_type=\"section\">\n\t\t\t\t\t\t<div class=\"elementor-container elementor-column-gap-default\">\n\t\t\t\t\t<div class=\"elementor-column elementor-col-33 elementor-top-column elementor-element elementor-element-693a8ee elementor-hidden-phone\" data-id=\"693a8ee\" data-element_type=\"column\">\n\t\t\t<div class=\"elementor-widget-wrap elementor-element-populated\">\n\t\t\t\t\t\t<div class=\"elementor-element elementor-element-aaa2dee elementor-widget elementor-widget-image\" data-id=\"aaa2dee\" data-element_type=\"widget\" data-widget_type=\"image.default\">\n\t\t\t\t<div class=\"elementor-widget-container\">\n\t\t\t<style>\/*! elementor - v3.21.0 - 26-05-2024 *\/\n.elementor-widget-image{text-align:center}.elementor-widget-image a{display:inline-block}.elementor-widget-image a img[src$=\".svg\"]{width:48px}.elementor-widget-image img{vertical-align:middle;display:inline-block}<\/style>\t\t\t\t\t\t\t\t\t\t<img fetchpriority=\"high\" decoding=\"async\" width=\"400\" height=\"416\" src=\"https:\/\/coyotelandmedia.com\/wp-content\/uploads\/2024\/02\/CoyotelandMedia_LOGO_AZUL_BRANCO_md.webp\" class=\"attachment-large size-large wp-image-2557\" alt=\"\" srcset=\"https:\/\/coyotelandmedia.com\/wp-content\/uploads\/2024\/02\/CoyotelandMedia_LOGO_AZUL_BRANCO_md.webp 400w, https:\/\/coyotelandmedia.com\/wp-content\/uploads\/2024\/02\/CoyotelandMedia_LOGO_AZUL_BRANCO_md-288x300.webp 288w, https:\/\/coyotelandmedia.com\/wp-content\/uploads\/2024\/02\/CoyotelandMedia_LOGO_AZUL_BRANCO_md-12x12.webp 12w\" sizes=\"(max-width: 400px) 100vw, 400px\" \/>\t\t\t\t\t\t\t\t\t\t\t\t\t<\/div>\n\t\t\t\t<\/div>\n\t\t\t\t\t<\/div>\n\t\t<\/div>\n\t\t\t\t<div class=\"elementor-column elementor-col-66 elementor-top-column elementor-element elementor-element-b79ec2b\" data-id=\"b79ec2b\" data-element_type=\"column\">\n\t\t\t<div class=\"elementor-widget-wrap elementor-element-populated\">\n\t\t\t\t\t\t<div class=\"elementor-element elementor-element-1d0eece elementor-hidden-phone elementor-widget elementor-widget-heading\" data-id=\"1d0eece\" data-element_type=\"widget\" data-widget_type=\"heading.default\">\n\t\t\t\t<div class=\"elementor-widget-container\">\n\t\t\t<style>\/*! elementor - v3.21.0 - 26-05-2024 *\/\n.elementor-heading-title{padding:0;margin:0;line-height:1}.elementor-widget-heading .elementor-heading-title[class*=elementor-size-]>a{color:inherit;font-size:inherit;line-height:inherit}.elementor-widget-heading .elementor-heading-title.elementor-size-small{font-size:15px}.elementor-widget-heading .elementor-heading-title.elementor-size-medium{font-size:19px}.elementor-widget-heading .elementor-heading-title.elementor-size-large{font-size:29px}.elementor-widget-heading .elementor-heading-title.elementor-size-xl{font-size:39px}.elementor-widget-heading .elementor-heading-title.elementor-size-xxl{font-size:59px}<\/style><h2 class=\"elementor-heading-title elementor-size-default\">Advertising\n<\/h2>\t\t<\/div>\n\t\t\t\t<\/div>\n\t\t\t\t<div class=\"elementor-element elementor-element-48bd749 elementor-widget elementor-widget-text-editor\" data-id=\"48bd749\" data-element_type=\"widget\" data-widget_type=\"text-editor.default\">\n\t\t\t\t<div class=\"elementor-widget-container\">\n\t\t\t<style>\/*! elementor - v3.21.0 - 26-05-2024 *\/\n.elementor-widget-text-editor.elementor-drop-cap-view-stacked .elementor-drop-cap{background-color:#69727d;color:#fff}.elementor-widget-text-editor.elementor-drop-cap-view-framed .elementor-drop-cap{color:#69727d;border:3px solid;background-color:transparent}.elementor-widget-text-editor:not(.elementor-drop-cap-view-default) .elementor-drop-cap{margin-top:8px}.elementor-widget-text-editor:not(.elementor-drop-cap-view-default) .elementor-drop-cap-letter{width:1em;height:1em}.elementor-widget-text-editor .elementor-drop-cap{float:left;text-align:center;line-height:1;font-size:50px}.elementor-widget-text-editor .elementor-drop-cap-letter{display:inline-block}<\/style>\t\t\t\t<p>We have a team of inspired professionals, united and focused on all the projects.<\/p><p>We create projects based in solid, creative and focused ideas. We help brands and products by communicating them in an effective way.<\/p><p>Ours goals is to satisfy the needs of our clients. We are an essential part of your equation, to help your business prosper.<\/p>\t\t\t\t\t\t<\/div>\n\t\t\t\t<\/div>\n\t\t\t\t<div class=\"elementor-element elementor-element-bd3b5c6 elementor-widget elementor-widget-heading\" data-id=\"bd3b5c6\" data-element_type=\"widget\" data-widget_type=\"heading.default\">\n\t\t\t\t<div class=\"elementor-widget-container\">\n\t\t\t<h6 class=\"elementor-heading-title elementor-size-default\">SERVICES<\/h6>\t\t<\/div>\n\t\t\t\t<\/div>\n\t\t\t\t<div class=\"elementor-element elementor-element-71ffaa1 elementor-widget elementor-widget-text-editor\" data-id=\"71ffaa1\" data-element_type=\"widget\" data-widget_type=\"text-editor.default\">\n\t\t\t\t<div class=\"elementor-widget-container\">\n\t\t\t\t\t\t\t<ul><li>Commercialize advertising spaces<\/li><li>Develop advertising campaigns<\/li><li>Brand activations<\/li><li>Product placement;<\/li><li>Branded spaces;<\/li><li>Advertising content production<\/li><\/ul>\t\t\t\t\t\t<\/div>\n\t\t\t\t<\/div>\n\t\t\t\t\t<\/div>\n\t\t<\/div>\n\t\t\t\t\t<\/div>\n\t\t<\/section>\n\t\t\t\t<\/div>","protected":false},"excerpt":{"rendered":"<p>Publicidade Possu\u00edmos uma equipa de profissionais, cheia de inspira\u00e7\u00e3o, que\u00a0 preserva uma uni\u00e3o e enfoque na mesma dire\u00e7\u00e3o, em todos os projetos\u00a0 que se envolve. Criamos projetos alicer\u00e7ados em ideias criativas, s\u00f3lidas e focadas. Criamos marcas e produtos de forma a ajudar os nossos clientes a comunic\u00e1-los de maneira eficaz. O nosso objectivo \u00e9 satisfazer&#8230;<\/p>","protected":false},"author":2,"featured_media":0,"parent":0,"menu_order":0,"comment_status":"closed","ping_status":"closed","template":"","meta":{"_monsterinsights_skip_tracking":false,"_monsterinsights_sitenote_active":false,"_monsterinsights_sitenote_note":"","_monsterinsights_sitenote_category":0,"footnotes":""},"class_list":["post-975","page","type-page","status-publish","hentry"],"aioseo_notices":[],"_links":{"self":[{"href":"https:\/\/coyotelandmedia.com\/en\/wp-json\/wp\/v2\/pages\/975","targetHints":{"allow":["GET"]}}],"collection":[{"href":"https:\/\/coyotelandmedia.com\/en\/wp-json\/wp\/v2\/pages"}],"about":[{"href":"https:\/\/coyotelandmedia.com\/en\/wp-json\/wp\/v2\/types\/page"}],"author":[{"embeddable":true,"href":"https:\/\/coyotelandmedia.com\/en\/wp-json\/wp\/v2\/users\/2"}],"replies":[{"embeddable":true,"href":"https:\/\/coyotelandmedia.com\/en\/wp-json\/wp\/v2\/comments?post=975"}],"version-history":[{"count":28,"href":"https:\/\/coyotelandmedia.com\/en\/wp-json\/wp\/v2\/pages\/975\/revisions"}],"predecessor-version":[{"id":2576,"href":"https:\/\/coyotelandmedia.com\/en\/wp-json\/wp\/v2\/pages\/975\/revisions\/2576"}],"wp:attachment":[{"href":"https:\/\/coyotelandmedia.com\/en\/wp-json\/wp\/v2\/media?parent=975"}],"curies":[{"name":"wp","href":"https:\/\/api.w.org\/{rel}","templated":true}]}}