{"id":968,"date":"2021-08-01T16:11:53","date_gmt":"2021-08-01T15:11:53","guid":{"rendered":"https:\/\/coyotelandmedia.com\/?page_id=968"},"modified":"2024-02-03T17:43:13","modified_gmt":"2024-02-03T17:43:13","slug":"areas-de-competencia","status":"publish","type":"page","link":"https:\/\/coyotelandmedia.com\/en\/areas-de-competencia\/","title":{"rendered":"AREAS OF EXPERTISE"},"content":{"rendered":"<div data-elementor-type=\"wp-page\" data-elementor-id=\"968\" class=\"elementor elementor-968\" data-elementor-post-type=\"page\">\n\t\t\t\t\t\t<section class=\"elementor-section elementor-top-section elementor-element elementor-element-8543b84 elementor-section-boxed elementor-section-height-default elementor-section-height-default\" data-id=\"8543b84\" data-element_type=\"section\">\n\t\t\t\t\t\t<div class=\"elementor-container elementor-column-gap-default\">\n\t\t\t\t\t<div class=\"elementor-column elementor-col-33 elementor-top-column elementor-element elementor-element-693a8ee elementor-hidden-phone\" data-id=\"693a8ee\" data-element_type=\"column\">\n\t\t\t<div class=\"elementor-widget-wrap elementor-element-populated\">\n\t\t\t\t\t\t<div class=\"elementor-element elementor-element-aaa2dee elementor-widget elementor-widget-image\" data-id=\"aaa2dee\" data-element_type=\"widget\" data-widget_type=\"image.default\">\n\t\t\t\t<div class=\"elementor-widget-container\">\n\t\t\t<style>\/*! elementor - v3.21.0 - 26-05-2024 *\/\n.elementor-widget-image{text-align:center}.elementor-widget-image a{display:inline-block}.elementor-widget-image a img[src$=\".svg\"]{width:48px}.elementor-widget-image img{vertical-align:middle;display:inline-block}<\/style>\t\t\t\t\t\t\t\t\t\t<img fetchpriority=\"high\" decoding=\"async\" width=\"400\" height=\"416\" src=\"https:\/\/coyotelandmedia.com\/wp-content\/uploads\/2024\/02\/CoyotelandMedia_LOGO_AZUL_BRANCO_md.webp\" class=\"attachment-large size-large wp-image-2557\" alt=\"\" srcset=\"https:\/\/coyotelandmedia.com\/wp-content\/uploads\/2024\/02\/CoyotelandMedia_LOGO_AZUL_BRANCO_md.webp 400w, https:\/\/coyotelandmedia.com\/wp-content\/uploads\/2024\/02\/CoyotelandMedia_LOGO_AZUL_BRANCO_md-288x300.webp 288w, https:\/\/coyotelandmedia.com\/wp-content\/uploads\/2024\/02\/CoyotelandMedia_LOGO_AZUL_BRANCO_md-12x12.webp 12w\" sizes=\"(max-width: 400px) 100vw, 400px\" \/>\t\t\t\t\t\t\t\t\t\t\t\t\t<\/div>\n\t\t\t\t<\/div>\n\t\t\t\t\t<\/div>\n\t\t<\/div>\n\t\t\t\t<div class=\"elementor-column elementor-col-66 elementor-top-column elementor-element elementor-element-b79ec2b\" data-id=\"b79ec2b\" data-element_type=\"column\">\n\t\t\t<div class=\"elementor-widget-wrap elementor-element-populated\">\n\t\t\t\t\t\t<div class=\"elementor-element elementor-element-1d0eece elementor-hidden-phone elementor-widget elementor-widget-heading\" data-id=\"1d0eece\" data-element_type=\"widget\" data-widget_type=\"heading.default\">\n\t\t\t\t<div class=\"elementor-widget-container\">\n\t\t\t<style>\/*! elementor - v3.21.0 - 26-05-2024 *\/\n.elementor-heading-title{padding:0;margin:0;line-height:1}.elementor-widget-heading .elementor-heading-title[class*=elementor-size-]>a{color:inherit;font-size:inherit;line-height:inherit}.elementor-widget-heading .elementor-heading-title.elementor-size-small{font-size:15px}.elementor-widget-heading .elementor-heading-title.elementor-size-medium{font-size:19px}.elementor-widget-heading .elementor-heading-title.elementor-size-large{font-size:29px}.elementor-widget-heading .elementor-heading-title.elementor-size-xl{font-size:39px}.elementor-widget-heading .elementor-heading-title.elementor-size-xxl{font-size:59px}<\/style><h2 class=\"elementor-heading-title elementor-size-default\">Throughout the years our expertise has broaden widely in the following areas:\n\n<\/h2>\t\t<\/div>\n\t\t\t\t<\/div>\n\t\t\t\t<div class=\"elementor-element elementor-element-48bd749 elementor-widget elementor-widget-text-editor\" data-id=\"48bd749\" data-element_type=\"widget\" data-widget_type=\"text-editor.default\">\n\t\t\t\t<div class=\"elementor-widget-container\">\n\t\t\t<style>\/*! elementor - v3.21.0 - 26-05-2024 *\/\n.elementor-widget-text-editor.elementor-drop-cap-view-stacked .elementor-drop-cap{background-color:#69727d;color:#fff}.elementor-widget-text-editor.elementor-drop-cap-view-framed .elementor-drop-cap{color:#69727d;border:3px solid;background-color:transparent}.elementor-widget-text-editor:not(.elementor-drop-cap-view-default) .elementor-drop-cap{margin-top:8px}.elementor-widget-text-editor:not(.elementor-drop-cap-view-default) .elementor-drop-cap-letter{width:1em;height:1em}.elementor-widget-text-editor .elementor-drop-cap{float:left;text-align:center;line-height:1;font-size:50px}.elementor-widget-text-editor .elementor-drop-cap-letter{display:inline-block}<\/style>\t\t\t\t<ul><li>Advertising<\/li><li>Management and distribution of television channels<\/li><li>Management and distribution of television channels<\/li><li>Content production in studio or outdoors<\/li><li>Editing and post production<\/li><li>Color Grading<\/li><li>TV Playout systems<\/li><li>Audio Post Production<\/li><li>Streaming and satelite technologies<\/li><\/ul>\t\t\t\t\t\t<\/div>\n\t\t\t\t<\/div>\n\t\t\t\t\t<\/div>\n\t\t<\/div>\n\t\t\t\t\t<\/div>\n\t\t<\/section>\n\t\t\t\t<section class=\"elementor-section elementor-top-section elementor-element elementor-element-1d7dd58 elementor-section-boxed elementor-section-height-default elementor-section-height-default\" data-id=\"1d7dd58\" data-element_type=\"section\">\n\t\t\t\t\t\t<div class=\"elementor-container elementor-column-gap-default\">\n\t\t\t\t\t<div class=\"elementor-column elementor-col-100 elementor-top-column elementor-element elementor-element-5bb6f0a\" data-id=\"5bb6f0a\" data-element_type=\"column\">\n\t\t\t<div class=\"elementor-widget-wrap elementor-element-populated\">\n\t\t\t\t\t\t<div class=\"elementor-element elementor-element-a47583c elementor-widget elementor-widget-html\" data-id=\"a47583c\" data-element_type=\"widget\" data-widget_type=\"html.default\">\n\t\t\t\t<div class=\"elementor-widget-container\">\n\t\t\t<script>\n\nvar d1 = document.getElementById('ashade-header');\n\nvar video = \"<div class='ashade-home-background ashade-page-background is-video bg-video--cover' data-opacity='0.55' style='opacity: 0.55; transform: translate(0px, 0px);'><video src='https:\/\/coyotelandmedia.com\/wp-content\/uploads\/2021\/11\/INSTITUCIONAL_PARTE2_2.mp4' poster='https:\/\/coyote.andreda.net\/wp-content\/uploads\/2021\/07\/coyoteland.jpg' webkit-playsinline='true' playsinline='true' muted autoplay loop><\/video><\/div>\";\n\nd1.insertAdjacentHTML('afterend', video);\n<\/script>\t\t<\/div>\n\t\t\t\t<\/div>\n\t\t\t\t\t<\/div>\n\t\t<\/div>\n\t\t\t\t\t<\/div>\n\t\t<\/section>\n\t\t\t\t<\/div>","protected":false},"excerpt":{"rendered":"<p>\u00c1REAS DE COMPET\u00caNCIA Publicidade; Cria\u00e7\u00e3o e produ\u00e7\u00e3o de canais de televis\u00e3o tem\u00e1ticos; Gest\u00e3o e distribui\u00e7\u00e3o de canais de televis\u00e3o; Produ\u00e7\u00e3o de conte\u00fados em est\u00fadio \/ exteriores; Edi\u00e7\u00e3o e p\u00f3s-produ\u00e7\u00e3o; Color Grading; Playout de canais de televis\u00e3o; P\u00f3s-produ\u00e7\u00e3o audio; Tecnologia de transmiss\u00e3o por streaming e sat\u00e9lite;<\/p>","protected":false},"author":2,"featured_media":0,"parent":0,"menu_order":0,"comment_status":"closed","ping_status":"closed","template":"","meta":{"_monsterinsights_skip_tracking":false,"_monsterinsights_sitenote_active":false,"_monsterinsights_sitenote_note":"","_monsterinsights_sitenote_category":0,"footnotes":""},"class_list":["post-968","page","type-page","status-publish","hentry"],"aioseo_notices":[],"_links":{"self":[{"href":"https:\/\/coyotelandmedia.com\/en\/wp-json\/wp\/v2\/pages\/968","targetHints":{"allow":["GET"]}}],"collection":[{"href":"https:\/\/coyotelandmedia.com\/en\/wp-json\/wp\/v2\/pages"}],"about":[{"href":"https:\/\/coyotelandmedia.com\/en\/wp-json\/wp\/v2\/types\/page"}],"author":[{"embeddable":true,"href":"https:\/\/coyotelandmedia.com\/en\/wp-json\/wp\/v2\/users\/2"}],"replies":[{"embeddable":true,"href":"https:\/\/coyotelandmedia.com\/en\/wp-json\/wp\/v2\/comments?post=968"}],"version-history":[{"count":79,"href":"https:\/\/coyotelandmedia.com\/en\/wp-json\/wp\/v2\/pages\/968\/revisions"}],"predecessor-version":[{"id":2573,"href":"https:\/\/coyotelandmedia.com\/en\/wp-json\/wp\/v2\/pages\/968\/revisions\/2573"}],"wp:attachment":[{"href":"https:\/\/coyotelandmedia.com\/en\/wp-json\/wp\/v2\/media?parent=968"}],"curies":[{"name":"wp","href":"https:\/\/api.w.org\/{rel}","templated":true}]}}