{"id":2434,"date":"2022-12-03T14:36:17","date_gmt":"2022-12-03T14:36:17","guid":{"rendered":"https:\/\/coyotelandmedia.com\/?page_id=2434"},"modified":"2022-12-03T15:08:56","modified_gmt":"2022-12-03T15:08:56","slug":"equipa-m-a-d","status":"publish","type":"page","link":"https:\/\/coyotelandmedia.com\/en\/equipa-m-a-d\/","title":{"rendered":"Team<br\/>M.A.D \u2013 Servi\u00e7os audiovisuais"},"content":{"rendered":"<div data-elementor-type=\"wp-page\" data-elementor-id=\"2434\" class=\"elementor elementor-2434\" data-elementor-post-type=\"page\">\n\t\t\t\t\t\t<section class=\"elementor-section elementor-top-section elementor-element elementor-element-0ac559c elementor-section-boxed elementor-section-height-default elementor-section-height-default\" data-id=\"0ac559c\" data-element_type=\"section\">\n\t\t\t\t\t\t<div class=\"elementor-container elementor-column-gap-default\">\n\t\t\t\t\t<div class=\"elementor-column elementor-col-100 elementor-top-column elementor-element elementor-element-4c7f511\" data-id=\"4c7f511\" data-element_type=\"column\">\n\t\t\t<div class=\"elementor-widget-wrap elementor-element-populated\">\n\t\t\t\t\t\t<div class=\"elementor-element elementor-element-655af08 elementor-widget elementor-widget-heading\" data-id=\"655af08\" data-element_type=\"widget\" data-widget_type=\"heading.default\">\n\t\t\t\t<div class=\"elementor-widget-container\">\n\t\t\t<style>\/*! elementor - v3.21.0 - 26-05-2024 *\/\n.elementor-heading-title{padding:0;margin:0;line-height:1}.elementor-widget-heading .elementor-heading-title[class*=elementor-size-]>a{color:inherit;font-size:inherit;line-height:inherit}.elementor-widget-heading .elementor-heading-title.elementor-size-small{font-size:15px}.elementor-widget-heading .elementor-heading-title.elementor-size-medium{font-size:19px}.elementor-widget-heading .elementor-heading-title.elementor-size-large{font-size:29px}.elementor-widget-heading .elementor-heading-title.elementor-size-xl{font-size:39px}.elementor-widget-heading .elementor-heading-title.elementor-size-xxl{font-size:59px}<\/style><h5 class=\"elementor-heading-title elementor-size-default\"><b>Manuel Domingues<\/b><br\/>CEO<\/h5>\t\t<\/div>\n\t\t\t\t<\/div>\n\t\t\t\t<div class=\"elementor-element elementor-element-a0ab12b elementor-widget elementor-widget-heading\" data-id=\"a0ab12b\" data-element_type=\"widget\" data-widget_type=\"heading.default\">\n\t\t\t\t<div class=\"elementor-widget-container\">\n\t\t\t<h5 class=\"elementor-heading-title elementor-size-default\"><b>Joelson Costa<\/b><br\/>CFO<\/h5>\t\t<\/div>\n\t\t\t\t<\/div>\n\t\t\t\t<div class=\"elementor-element elementor-element-9e7e0da elementor-widget elementor-widget-heading\" data-id=\"9e7e0da\" data-element_type=\"widget\" data-widget_type=\"heading.default\">\n\t\t\t\t<div class=\"elementor-widget-container\">\n\t\t\t<h5 class=\"elementor-heading-title elementor-size-default\"><b>Teresa Ant\u00f3nio<\/b><br\/>CFO <\/h5>\t\t<\/div>\n\t\t\t\t<\/div>\n\t\t\t\t<div class=\"elementor-element elementor-element-9db2e0e elementor-widget elementor-widget-heading\" data-id=\"9db2e0e\" data-element_type=\"widget\" data-widget_type=\"heading.default\">\n\t\t\t\t<div class=\"elementor-widget-container\">\n\t\t\t<h5 class=\"elementor-heading-title elementor-size-default\"><b>S\u00e9rgio Filipe<\/b><br\/>COO<\/h5>\t\t<\/div>\n\t\t\t\t<\/div>\n\t\t\t\t<div class=\"elementor-element elementor-element-f1b9142 elementor-widget elementor-widget-heading\" data-id=\"f1b9142\" data-element_type=\"widget\" data-widget_type=\"heading.default\">\n\t\t\t\t<div class=\"elementor-widget-container\">\n\t\t\t<h5 class=\"elementor-heading-title elementor-size-default\"><b>Manuel Bom Pastor<\/b><br\/>Broadcast Systems Engineering<\/h5>\t\t<\/div>\n\t\t\t\t<\/div>\n\t\t\t\t<div class=\"elementor-element elementor-element-4b957cb elementor-widget elementor-widget-heading\" data-id=\"4b957cb\" data-element_type=\"widget\" data-widget_type=\"heading.default\">\n\t\t\t\t<div class=\"elementor-widget-container\">\n\t\t\t<h5 class=\"elementor-heading-title elementor-size-default\"><b>Hermenegildo Mansima<\/b><br\/>Post Production Coordinator<\/h5>\t\t<\/div>\n\t\t\t\t<\/div>\n\t\t\t\t\t<\/div>\n\t\t<\/div>\n\t\t\t\t\t<\/div>\n\t\t<\/section>\n\t\t\t\t<\/div>","protected":false},"excerpt":{"rendered":"<p>Manuel DominguesCEO Joelson CostaCFO Teresa Ant\u00f3nioCFO S\u00e9rgio FilipeCOO Manuel Bom PastorBroadcast Systems Engineering Hermenegildo MansimaCoordenador de P\u00f3s-Produ\u00e7\u00e3o V\u00eddeo<\/p>","protected":false},"author":2,"featured_media":0,"parent":0,"menu_order":0,"comment_status":"closed","ping_status":"closed","template":"","meta":{"_monsterinsights_skip_tracking":false,"_monsterinsights_sitenote_active":false,"_monsterinsights_sitenote_note":"","_monsterinsights_sitenote_category":0,"footnotes":""},"class_list":["post-2434","page","type-page","status-publish","hentry"],"aioseo_notices":[],"_links":{"self":[{"href":"https:\/\/coyotelandmedia.com\/en\/wp-json\/wp\/v2\/pages\/2434","targetHints":{"allow":["GET"]}}],"collection":[{"href":"https:\/\/coyotelandmedia.com\/en\/wp-json\/wp\/v2\/pages"}],"about":[{"href":"https:\/\/coyotelandmedia.com\/en\/wp-json\/wp\/v2\/types\/page"}],"author":[{"embeddable":true,"href":"https:\/\/coyotelandmedia.com\/en\/wp-json\/wp\/v2\/users\/2"}],"replies":[{"embeddable":true,"href":"https:\/\/coyotelandmedia.com\/en\/wp-json\/wp\/v2\/comments?post=2434"}],"version-history":[{"count":43,"href":"https:\/\/coyotelandmedia.com\/en\/wp-json\/wp\/v2\/pages\/2434\/revisions"}],"predecessor-version":[{"id":2504,"href":"https:\/\/coyotelandmedia.com\/en\/wp-json\/wp\/v2\/pages\/2434\/revisions\/2504"}],"wp:attachment":[{"href":"https:\/\/coyotelandmedia.com\/en\/wp-json\/wp\/v2\/media?parent=2434"}],"curies":[{"name":"wp","href":"https:\/\/api.w.org\/{rel}","templated":true}]}}