{"id":1124,"date":"2021-08-12T15:21:55","date_gmt":"2021-08-12T14:21:55","guid":{"rendered":"https:\/\/coyotelandmedia.com\/?page_id=1124"},"modified":"2022-12-03T13:38:36","modified_gmt":"2022-12-03T13:38:36","slug":"solucoes","status":"publish","type":"page","link":"https:\/\/coyotelandmedia.com\/en\/solucoes\/","title":{"rendered":"Content Distribution"},"content":{"rendered":"<div data-elementor-type=\"wp-page\" data-elementor-id=\"1124\" class=\"elementor elementor-1124\" data-elementor-post-type=\"page\">\n\t\t\t\t\t\t<section class=\"elementor-section elementor-top-section elementor-element elementor-element-80c8806 elementor-section-boxed elementor-section-height-default elementor-section-height-default\" data-id=\"80c8806\" data-element_type=\"section\">\n\t\t\t\t\t\t<div class=\"elementor-container elementor-column-gap-default\">\n\t\t\t\t\t<div class=\"elementor-column elementor-col-25 elementor-top-column elementor-element elementor-element-3c2424d\" data-id=\"3c2424d\" data-element_type=\"column\">\n\t\t\t<div class=\"elementor-widget-wrap\">\n\t\t\t\t\t\t\t<\/div>\n\t\t<\/div>\n\t\t\t\t<div class=\"elementor-column elementor-col-50 elementor-top-column elementor-element elementor-element-63428db\" data-id=\"63428db\" data-element_type=\"column\">\n\t\t\t<div class=\"elementor-widget-wrap elementor-element-populated\">\n\t\t\t\t\t\t<div class=\"elementor-element elementor-element-c0675ca elementor-widget elementor-widget-heading\" data-id=\"c0675ca\" data-element_type=\"widget\" data-widget_type=\"heading.default\">\n\t\t\t\t<div class=\"elementor-widget-container\">\n\t\t\t<style>\/*! elementor - v3.21.0 - 26-05-2024 *\/\n.elementor-heading-title{padding:0;margin:0;line-height:1}.elementor-widget-heading .elementor-heading-title[class*=elementor-size-]>a{color:inherit;font-size:inherit;line-height:inherit}.elementor-widget-heading .elementor-heading-title.elementor-size-small{font-size:15px}.elementor-widget-heading .elementor-heading-title.elementor-size-medium{font-size:19px}.elementor-widget-heading .elementor-heading-title.elementor-size-large{font-size:29px}.elementor-widget-heading .elementor-heading-title.elementor-size-xl{font-size:39px}.elementor-widget-heading .elementor-heading-title.elementor-size-xxl{font-size:59px}<\/style><h4 class=\"elementor-heading-title elementor-size-default\">Partners\n<\/h4>\t\t<\/div>\n\t\t\t\t<\/div>\n\t\t\t\t<div class=\"elementor-element elementor-element-8b18767 elementor-widget elementor-widget-image\" data-id=\"8b18767\" data-element_type=\"widget\" data-widget_type=\"image.default\">\n\t\t\t\t<div class=\"elementor-widget-container\">\n\t\t\t<style>\/*! elementor - v3.21.0 - 26-05-2024 *\/\n.elementor-widget-image{text-align:center}.elementor-widget-image a{display:inline-block}.elementor-widget-image a img[src$=\".svg\"]{width:48px}.elementor-widget-image img{vertical-align:middle;display:inline-block}<\/style>\t\t\t\t\t\t\t\t\t\t<img fetchpriority=\"high\" decoding=\"async\" width=\"1024\" height=\"476\" src=\"https:\/\/coyotelandmedia.com\/wp-content\/uploads\/2022\/12\/logo_cote.jpeg\" class=\"attachment-large size-large wp-image-2301\" alt=\"\" srcset=\"https:\/\/coyotelandmedia.com\/wp-content\/uploads\/2022\/12\/logo_cote.jpeg 1024w, https:\/\/coyotelandmedia.com\/wp-content\/uploads\/2022\/12\/logo_cote-300x139.jpeg 300w, https:\/\/coyotelandmedia.com\/wp-content\/uploads\/2022\/12\/logo_cote-768x357.jpeg 768w, https:\/\/coyotelandmedia.com\/wp-content\/uploads\/2022\/12\/logo_cote-18x8.jpeg 18w\" sizes=\"(max-width: 1024px) 100vw, 1024px\" \/>\t\t\t\t\t\t\t\t\t\t\t\t\t<\/div>\n\t\t\t\t<\/div>\n\t\t\t\t<div class=\"elementor-element elementor-element-d06f934 elementor-widget elementor-widget-text-editor\" data-id=\"d06f934\" data-element_type=\"widget\" data-widget_type=\"text-editor.default\">\n\t\t\t\t<div class=\"elementor-widget-container\">\n\t\t\t<style>\/*! elementor - v3.21.0 - 26-05-2024 *\/\n.elementor-widget-text-editor.elementor-drop-cap-view-stacked .elementor-drop-cap{background-color:#69727d;color:#fff}.elementor-widget-text-editor.elementor-drop-cap-view-framed .elementor-drop-cap{color:#69727d;border:3px solid;background-color:transparent}.elementor-widget-text-editor:not(.elementor-drop-cap-view-default) .elementor-drop-cap{margin-top:8px}.elementor-widget-text-editor:not(.elementor-drop-cap-view-default) .elementor-drop-cap-letter{width:1em;height:1em}.elementor-widget-text-editor .elementor-drop-cap{float:left;text-align:center;line-height:1;font-size:50px}.elementor-widget-text-editor .elementor-drop-cap-letter{display:inline-block}<\/style>\t\t\t\t<p>Coyoteland Media has closed and agreement with Cote Ouest, for distribution in Africa and Europe of the telenovelas Monangamb\u00e9 and Saber Andar, produced in Angola by M.A.D, in co-production with the Tv channel BANDA TV. \nCote Ouest is a company with a vast experience in fiction distribution, currently selling contents from Globo, DSTV and other worldwide reference brands.<\/p>\t\t\t\t\t\t<\/div>\n\t\t\t\t<\/div>\n\t\t\t\t\t<\/div>\n\t\t<\/div>\n\t\t\t\t<div class=\"elementor-column elementor-col-25 elementor-top-column elementor-element elementor-element-3ebee0c\" data-id=\"3ebee0c\" data-element_type=\"column\">\n\t\t\t<div class=\"elementor-widget-wrap\">\n\t\t\t\t\t\t\t<\/div>\n\t\t<\/div>\n\t\t\t\t\t<\/div>\n\t\t<\/section>\n\t\t\t\t<section class=\"elementor-section elementor-top-section elementor-element elementor-element-f3184bd elementor-section-boxed elementor-section-height-default elementor-section-height-default\" data-id=\"f3184bd\" data-element_type=\"section\">\n\t\t\t\t\t\t<div class=\"elementor-container elementor-column-gap-default\">\n\t\t\t\t\t<div class=\"elementor-column elementor-col-100 elementor-top-column elementor-element elementor-element-2401d89\" data-id=\"2401d89\" data-element_type=\"column\">\n\t\t\t<div class=\"elementor-widget-wrap\">\n\t\t\t\t\t\t\t<\/div>\n\t\t<\/div>\n\t\t\t\t\t<\/div>\n\t\t<\/section>\n\t\t\t\t<\/div>","protected":false},"excerpt":{"rendered":"<p>Parceiros Coyoteland Media firmou um acordo com a Cote Ouest, para a distribui\u00e7\u00e3o em \u00c1frica e na Europa, das novelas Monangamb\u00e9 e Saber Andar produzidas em Angola pela M.A.D \u2013 Servi\u00e7os audiovisuais, em co-produ\u00e7\u00e3o com o canal Banda TV. A Cote Ouest \u00e9 uma companhia com uma vasta experi\u00eancia na distribui\u00e7\u00e3o de fic\u00e7\u00e3o, comercializando actualmente&#8230;<\/p>","protected":false},"author":2,"featured_media":0,"parent":0,"menu_order":0,"comment_status":"closed","ping_status":"closed","template":"","meta":{"_monsterinsights_skip_tracking":false,"_monsterinsights_sitenote_active":false,"_monsterinsights_sitenote_note":"","_monsterinsights_sitenote_category":0,"footnotes":""},"class_list":["post-1124","page","type-page","status-publish","hentry"],"aioseo_notices":[],"_links":{"self":[{"href":"https:\/\/coyotelandmedia.com\/en\/wp-json\/wp\/v2\/pages\/1124","targetHints":{"allow":["GET"]}}],"collection":[{"href":"https:\/\/coyotelandmedia.com\/en\/wp-json\/wp\/v2\/pages"}],"about":[{"href":"https:\/\/coyotelandmedia.com\/en\/wp-json\/wp\/v2\/types\/page"}],"author":[{"embeddable":true,"href":"https:\/\/coyotelandmedia.com\/en\/wp-json\/wp\/v2\/users\/2"}],"replies":[{"embeddable":true,"href":"https:\/\/coyotelandmedia.com\/en\/wp-json\/wp\/v2\/comments?post=1124"}],"version-history":[{"count":58,"href":"https:\/\/coyotelandmedia.com\/en\/wp-json\/wp\/v2\/pages\/1124\/revisions"}],"predecessor-version":[{"id":2340,"href":"https:\/\/coyotelandmedia.com\/en\/wp-json\/wp\/v2\/pages\/1124\/revisions\/2340"}],"wp:attachment":[{"href":"https:\/\/coyotelandmedia.com\/en\/wp-json\/wp\/v2\/media?parent=1124"}],"curies":[{"name":"wp","href":"https:\/\/api.w.org\/{rel}","templated":true}]}}