{"id":1108,"date":"2021-08-12T12:22:22","date_gmt":"2021-08-12T11:22:22","guid":{"rendered":"https:\/\/coyotelandmedia.com\/?page_id=1108"},"modified":"2024-02-03T17:51:31","modified_gmt":"2024-02-03T17:51:31","slug":"a-tecnologia","status":"publish","type":"page","link":"https:\/\/coyotelandmedia.com\/en\/a-tecnologia\/","title":{"rendered":"TECHNOLOGY"},"content":{"rendered":"<div data-elementor-type=\"wp-page\" data-elementor-id=\"1108\" class=\"elementor elementor-1108\" data-elementor-post-type=\"page\">\n\t\t\t\t\t\t<section class=\"elementor-section elementor-top-section elementor-element elementor-element-d073de1 elementor-section-boxed elementor-section-height-default elementor-section-height-default\" data-id=\"d073de1\" data-element_type=\"section\">\n\t\t\t\t\t\t<div class=\"elementor-container elementor-column-gap-default\">\n\t\t\t\t\t<div class=\"elementor-column elementor-col-50 elementor-top-column elementor-element elementor-element-ea8ec4a\" data-id=\"ea8ec4a\" data-element_type=\"column\">\n\t\t\t<div class=\"elementor-widget-wrap elementor-element-populated\">\n\t\t\t\t\t\t<div class=\"elementor-element elementor-element-ea987ad elementor-widget elementor-widget-image\" data-id=\"ea987ad\" data-element_type=\"widget\" data-widget_type=\"image.default\">\n\t\t\t\t<div class=\"elementor-widget-container\">\n\t\t\t<style>\/*! elementor - v3.21.0 - 26-05-2024 *\/\n.elementor-widget-image{text-align:center}.elementor-widget-image a{display:inline-block}.elementor-widget-image a img[src$=\".svg\"]{width:48px}.elementor-widget-image img{vertical-align:middle;display:inline-block}<\/style>\t\t\t\t\t\t\t\t\t\t<img fetchpriority=\"high\" decoding=\"async\" width=\"400\" height=\"416\" src=\"https:\/\/coyotelandmedia.com\/wp-content\/uploads\/2024\/02\/CoyotelandMedia_LOGO_AZUL_BRANCO_md.webp\" class=\"attachment-large size-large wp-image-2557\" alt=\"\" srcset=\"https:\/\/coyotelandmedia.com\/wp-content\/uploads\/2024\/02\/CoyotelandMedia_LOGO_AZUL_BRANCO_md.webp 400w, https:\/\/coyotelandmedia.com\/wp-content\/uploads\/2024\/02\/CoyotelandMedia_LOGO_AZUL_BRANCO_md-288x300.webp 288w, https:\/\/coyotelandmedia.com\/wp-content\/uploads\/2024\/02\/CoyotelandMedia_LOGO_AZUL_BRANCO_md-12x12.webp 12w\" sizes=\"(max-width: 400px) 100vw, 400px\" \/>\t\t\t\t\t\t\t\t\t\t\t\t\t<\/div>\n\t\t\t\t<\/div>\n\t\t\t\t\t<\/div>\n\t\t<\/div>\n\t\t\t\t<div class=\"elementor-column elementor-col-50 elementor-top-column elementor-element elementor-element-ffac1b8\" data-id=\"ffac1b8\" data-element_type=\"column\">\n\t\t\t<div class=\"elementor-widget-wrap elementor-element-populated\">\n\t\t\t\t\t\t<div class=\"elementor-element elementor-element-c4aaac3 elementor-widget elementor-widget-heading\" data-id=\"c4aaac3\" data-element_type=\"widget\" data-widget_type=\"heading.default\">\n\t\t\t\t<div class=\"elementor-widget-container\">\n\t\t\t<style>\/*! elementor - v3.21.0 - 26-05-2024 *\/\n.elementor-heading-title{padding:0;margin:0;line-height:1}.elementor-widget-heading .elementor-heading-title[class*=elementor-size-]>a{color:inherit;font-size:inherit;line-height:inherit}.elementor-widget-heading .elementor-heading-title.elementor-size-small{font-size:15px}.elementor-widget-heading .elementor-heading-title.elementor-size-medium{font-size:19px}.elementor-widget-heading .elementor-heading-title.elementor-size-large{font-size:29px}.elementor-widget-heading .elementor-heading-title.elementor-size-xl{font-size:39px}.elementor-widget-heading .elementor-heading-title.elementor-size-xxl{font-size:59px}<\/style><h4 class=\"elementor-heading-title elementor-size-default\">TECHNOLOGY\n<\/h4>\t\t<\/div>\n\t\t\t\t<\/div>\n\t\t\t\t<div class=\"elementor-element elementor-element-7b436bf elementor-widget elementor-widget-image\" data-id=\"7b436bf\" data-element_type=\"widget\" data-widget_type=\"image.default\">\n\t\t\t\t<div class=\"elementor-widget-container\">\n\t\t\t\t\t\t\t\t\t\t\t\t\t<img decoding=\"async\" width=\"331\" height=\"115\" src=\"https:\/\/coyotelandmedia.com\/wp-content\/uploads\/2021\/08\/Picture1.png\" class=\"attachment-large size-large wp-image-1118\" alt=\"\" srcset=\"https:\/\/coyotelandmedia.com\/wp-content\/uploads\/2021\/08\/Picture1.png 331w, https:\/\/coyotelandmedia.com\/wp-content\/uploads\/2021\/08\/Picture1-300x104.png 300w\" sizes=\"(max-width: 331px) 100vw, 331px\" \/>\t\t\t\t\t\t\t\t\t\t\t\t\t<\/div>\n\t\t\t\t<\/div>\n\t\t\t\t<div class=\"elementor-element elementor-element-5d790a3 elementor-widget elementor-widget-text-editor\" data-id=\"5d790a3\" data-element_type=\"widget\" data-widget_type=\"text-editor.default\">\n\t\t\t\t<div class=\"elementor-widget-container\">\n\t\t\t<style>\/*! elementor - v3.21.0 - 26-05-2024 *\/\n.elementor-widget-text-editor.elementor-drop-cap-view-stacked .elementor-drop-cap{background-color:#69727d;color:#fff}.elementor-widget-text-editor.elementor-drop-cap-view-framed .elementor-drop-cap{color:#69727d;border:3px solid;background-color:transparent}.elementor-widget-text-editor:not(.elementor-drop-cap-view-default) .elementor-drop-cap{margin-top:8px}.elementor-widget-text-editor:not(.elementor-drop-cap-view-default) .elementor-drop-cap-letter{width:1em;height:1em}.elementor-widget-text-editor .elementor-drop-cap{float:left;text-align:center;line-height:1;font-size:50px}.elementor-widget-text-editor .elementor-drop-cap-letter{display:inline-block}<\/style>\t\t\t\t<p>Coyoteland Media is a MARSIS representative to the territories of Portugal, Spain and Africa.<\/p><p>Marsis MAM, Playout, CG, Ingest and Newsroom solution, comes from several years of experience in the US, Europe and Asian markets. \nCoyote Land Media also represents Zixi for Europe, Africa, and South America.<\/p><p>Zixi is one of the leading streaming software developers world wide, specially in terms of delivery to OTT or linear channels.<\/p><p>A live video solution, with a higher quality than most IP solutions.<\/p>\t\t\t\t\t\t<\/div>\n\t\t\t\t<\/div>\n\t\t\t\t\t<\/div>\n\t\t<\/div>\n\t\t\t\t\t<\/div>\n\t\t<\/section>\n\t\t\t\t<\/div>","protected":false},"excerpt":{"rendered":"<p>A TECNOLOGIA A Coyoteland Media e\u0301 representante da MARSIS para os mercados de Portugal, Espanha e \u00c1frica. A solu\u00e7\u00e3o de MAM, Playout, CG, Ingest e Newsroom da MARSIS, resultam de muitos anos de experi\u00eancia em mercados como Estados Unidos, Europa e \u00c1sia. A Coyoteland Media\u00a0 tamb\u00e9m comercializa servi\u00e7os de streaming da ZIXI para Europa, \u00c1frica,&#8230;<\/p>","protected":false},"author":2,"featured_media":0,"parent":0,"menu_order":0,"comment_status":"closed","ping_status":"closed","template":"","meta":{"_monsterinsights_skip_tracking":false,"_monsterinsights_sitenote_active":false,"_monsterinsights_sitenote_note":"","_monsterinsights_sitenote_category":0,"footnotes":""},"class_list":["post-1108","page","type-page","status-publish","hentry"],"aioseo_notices":[],"_links":{"self":[{"href":"https:\/\/coyotelandmedia.com\/en\/wp-json\/wp\/v2\/pages\/1108","targetHints":{"allow":["GET"]}}],"collection":[{"href":"https:\/\/coyotelandmedia.com\/en\/wp-json\/wp\/v2\/pages"}],"about":[{"href":"https:\/\/coyotelandmedia.com\/en\/wp-json\/wp\/v2\/types\/page"}],"author":[{"embeddable":true,"href":"https:\/\/coyotelandmedia.com\/en\/wp-json\/wp\/v2\/users\/2"}],"replies":[{"embeddable":true,"href":"https:\/\/coyotelandmedia.com\/en\/wp-json\/wp\/v2\/comments?post=1108"}],"version-history":[{"count":74,"href":"https:\/\/coyotelandmedia.com\/en\/wp-json\/wp\/v2\/pages\/1108\/revisions"}],"predecessor-version":[{"id":2588,"href":"https:\/\/coyotelandmedia.com\/en\/wp-json\/wp\/v2\/pages\/1108\/revisions\/2588"}],"wp:attachment":[{"href":"https:\/\/coyotelandmedia.com\/en\/wp-json\/wp\/v2\/media?parent=1108"}],"curies":[{"name":"wp","href":"https:\/\/api.w.org\/{rel}","templated":true}]}}